{"id":366,"date":"2018-03-30T08:59:14","date_gmt":"2018-03-30T06:59:14","guid":{"rendered":"http:\/\/kamiennyogrod.com.pl\/kontakt\/"},"modified":"2023-07-04T10:43:09","modified_gmt":"2023-07-04T08:43:09","slug":"contact-2","status":"publish","type":"page","link":"https:\/\/kamiennyogrod.com.pl\/en\/contact-2\/","title":{"rendered":"Contact"},"content":{"rendered":"\t\t<div data-elementor-type=\"wp-post\" data-elementor-id=\"366\" class=\"elementor elementor-366\">\n\t\t\t\t\t\t<div class=\"elementor-inner\">\n\t\t\t\t<div class=\"elementor-section-wrap\">\n\t\t\t\t\t\t\t\t\t<section class=\"elementor-section elementor-top-section elementor-element elementor-element-f87e262 elementor-section-boxed elementor-section-height-default elementor-section-height-default\" data-id=\"f87e262\" data-element_type=\"section\" data-settings=\"{&quot;background_background&quot;:&quot;classic&quot;}\">\n\t\t\t\t\t\t<div class=\"elementor-container elementor-column-gap-default\">\n\t\t\t\t\t\t\t<div class=\"elementor-row\">\n\t\t\t\t\t<div class=\"elementor-column elementor-col-100 elementor-top-column elementor-element elementor-element-a362b90\" data-id=\"a362b90\" data-element_type=\"column\">\n\t\t\t<div class=\"elementor-column-wrap elementor-element-populated\">\n\t\t\t\t\t\t\t<div class=\"elementor-widget-wrap\">\n\t\t\t\t\t\t<div class=\"elementor-element elementor-element-430939d elementor-widget elementor-widget-spacer\" data-id=\"430939d\" data-element_type=\"widget\" data-settings=\"{&quot;_animation&quot;:&quot;none&quot;}\" data-widget_type=\"spacer.default\">\n\t\t\t\t<div class=\"elementor-widget-container\">\n\t\t\t\t\t<div class=\"elementor-spacer\">\n\t\t\t<div class=\"elementor-spacer-inner\"><\/div>\n\t\t<\/div>\n\t\t\t\t<\/div>\n\t\t\t\t<\/div>\n\t\t\t\t\t\t<\/div>\n\t\t\t\t\t<\/div>\n\t\t<\/div>\n\t\t\t\t\t\t\t\t<\/div>\n\t\t\t\t\t<\/div>\n\t\t<\/section>\n\t\t\t\t<section class=\"elementor-section elementor-top-section elementor-element elementor-element-72c2906 elementor-section-content-middle elementor-section-boxed elementor-section-height-default elementor-section-height-default\" data-id=\"72c2906\" data-element_type=\"section\" data-settings=\"{&quot;background_background&quot;:&quot;classic&quot;}\">\n\t\t\t\t\t\t<div class=\"elementor-container elementor-column-gap-wider\">\n\t\t\t\t\t\t\t<div class=\"elementor-row\">\n\t\t\t\t\t<div class=\"elementor-column elementor-col-50 elementor-top-column elementor-element elementor-element-463210a\" data-id=\"463210a\" data-element_type=\"column\">\n\t\t\t<div class=\"elementor-column-wrap elementor-element-populated\">\n\t\t\t\t\t\t\t<div class=\"elementor-widget-wrap\">\n\t\t\t\t\t\t<div class=\"elementor-element elementor-element-4c47195 elementor-widget elementor-widget-spacer\" data-id=\"4c47195\" data-element_type=\"widget\" data-widget_type=\"spacer.default\">\n\t\t\t\t<div class=\"elementor-widget-container\">\n\t\t\t\t\t<div class=\"elementor-spacer\">\n\t\t\t<div class=\"elementor-spacer-inner\"><\/div>\n\t\t<\/div>\n\t\t\t\t<\/div>\n\t\t\t\t<\/div>\n\t\t\t\t<div class=\"elementor-element elementor-element-8bdb713 elementor-button-align-start elementor-widget elementor-widget-form\" data-id=\"8bdb713\" data-element_type=\"widget\" data-settings=\"{&quot;step_next_label&quot;:&quot;Nast\\u0119pny&quot;,&quot;step_previous_label&quot;:&quot;Poprzedni&quot;,&quot;button_width&quot;:&quot;100&quot;,&quot;step_type&quot;:&quot;number_text&quot;,&quot;step_icon_shape&quot;:&quot;circle&quot;}\" data-widget_type=\"form.default\">\n\t\t\t\t<div class=\"elementor-widget-container\">\n\t\t\t\t\t<form class=\"elementor-form\" method=\"post\" name=\"New Form\">\n\t\t\t<input type=\"hidden\" name=\"post_id\" value=\"366\"\/>\n\t\t\t<input type=\"hidden\" name=\"form_id\" value=\"8bdb713\"\/>\n\t\t\t<input type=\"hidden\" name=\"referer_title\" value=\"Kamienny Ogr\u00f3d Domki na Mazurach\" \/>\n\n\t\t\t\n\t\t\t<div class=\"elementor-form-fields-wrapper elementor-labels-above\">\n\t\t\t\t\t\t\t\t<div class=\"elementor-field-type-text elementor-field-group elementor-column elementor-field-group-name elementor-col-50 elementor-field-required\">\n\t\t\t\t\t\t\t\t\t\t\t\t<label for=\"form-field-name\" class=\"elementor-field-label\">\n\t\t\t\t\t\t\t\tName and surname\t\t\t\t\t\t\t<\/label>\n\t\t\t\t\t\t\t\t\t\t\t\t\t\t<input size=\"1\" type=\"text\" name=\"form_fields[name]\" id=\"form-field-name\" class=\"elementor-field elementor-size-sm  elementor-field-textual\" required=\"required\" aria-required=\"true\">\n\t\t\t\t\t\t\t\t\t\t\t<\/div>\n\t\t\t\t\t\t\t\t<div class=\"elementor-field-type-email elementor-field-group elementor-column elementor-field-group-email elementor-col-50 elementor-field-required\">\n\t\t\t\t\t\t\t\t\t\t\t\t<label for=\"form-field-email\" class=\"elementor-field-label\">\n\t\t\t\t\t\t\t\tyour e-mail\t\t\t\t\t\t\t<\/label>\n\t\t\t\t\t\t\t\t\t\t\t\t\t\t<input size=\"1\" type=\"email\" name=\"form_fields[email]\" id=\"form-field-email\" class=\"elementor-field elementor-size-sm  elementor-field-textual\" required=\"required\" aria-required=\"true\">\n\t\t\t\t\t\t\t\t\t\t\t<\/div>\n\t\t\t\t\t\t\t\t<div class=\"elementor-field-type-textarea elementor-field-group elementor-column elementor-field-group-message elementor-col-100\">\n\t\t\t\t\t\t\t\t\t\t\t\t<label for=\"form-field-message\" class=\"elementor-field-label\">\n\t\t\t\t\t\t\t\tmessage\t\t\t\t\t\t\t<\/label>\n\t\t\t\t\t\t<textarea class=\"elementor-field-textual elementor-field  elementor-size-sm\" name=\"form_fields[message]\" id=\"form-field-message\" rows=\"4\"><\/textarea>\t\t\t\t<\/div>\n\t\t\t\t\t\t\t\t<div class=\"elementor-field-group elementor-column elementor-field-type-submit elementor-col-100 e-form__buttons\">\n\t\t\t\t\t<button type=\"submit\" class=\"elementor-button elementor-size-sm\">\n\t\t\t\t\t\t<span >\n\t\t\t\t\t\t\t\t\t\t\t\t\t\t\t<span class=\" elementor-button-icon\">\n\t\t\t\t\t\t\t\t\t\t\t\t\t\t\t\t\t\t\t\t\t\t\t\t\t\t<\/span>\n\t\t\t\t\t\t\t\t\t\t\t\t\t\t\t\t\t\t\t\t\t\t<span class=\"elementor-button-text\">send<\/span>\n\t\t\t\t\t\t\t\t\t\t\t\t\t<\/span>\n\t\t\t\t\t<\/button>\n\t\t\t\t<\/div>\n\t\t\t<\/div>\n\t\t<\/form>\n\t\t\t\t<\/div>\n\t\t\t\t<\/div>\n\t\t\t\t<div class=\"elementor-element elementor-element-0e86470 elementor-widget elementor-widget-spacer\" data-id=\"0e86470\" data-element_type=\"widget\" data-widget_type=\"spacer.default\">\n\t\t\t\t<div class=\"elementor-widget-container\">\n\t\t\t\t\t<div class=\"elementor-spacer\">\n\t\t\t<div class=\"elementor-spacer-inner\"><\/div>\n\t\t<\/div>\n\t\t\t\t<\/div>\n\t\t\t\t<\/div>\n\t\t\t\t\t\t<\/div>\n\t\t\t\t\t<\/div>\n\t\t<\/div>\n\t\t\t\t<div class=\"elementor-column elementor-col-50 elementor-top-column elementor-element elementor-element-a02016d\" data-id=\"a02016d\" data-element_type=\"column\">\n\t\t\t<div class=\"elementor-column-wrap elementor-element-populated\">\n\t\t\t\t\t\t\t<div class=\"elementor-widget-wrap\">\n\t\t\t\t\t\t<div class=\"elementor-element elementor-element-2921855 elementor-widget elementor-widget-spacer\" data-id=\"2921855\" data-element_type=\"widget\" data-widget_type=\"spacer.default\">\n\t\t\t\t<div class=\"elementor-widget-container\">\n\t\t\t\t\t<div class=\"elementor-spacer\">\n\t\t\t<div class=\"elementor-spacer-inner\"><\/div>\n\t\t<\/div>\n\t\t\t\t<\/div>\n\t\t\t\t<\/div>\n\t\t\t\t<div class=\"elementor-element elementor-element-3e3350a elementor-widget elementor-widget-text-editor\" data-id=\"3e3350a\" data-element_type=\"widget\" data-widget_type=\"text-editor.default\">\n\t\t\t\t<div class=\"elementor-widget-container\">\n\t\t\t\t\t\t\t\t<div class=\"elementor-text-editor elementor-clearfix\">\n\t\t\t\t<h5 style=\"font-size: 16px; letter-spacing: 2px; margin-bottom: 10px;\">ADDRESS<\/h5><p><img decoding=\"async\" class=\"alignnone size-full wp-image-104\" style=\"margin-bottom: 10px;\" src=\"http:\/\/kamiennyogrod.com.pl\/wp-content\/uploads\/2018\/03\/line.png\" alt=\"\" width=\"22\" height=\"2\" \/>Kamienny Ogrod Holiday Park Sp. z o.o.<br \/>Stare Sady 4b,<br \/>11-730 Mikolajki<\/p><p>POLAND<\/p><h5 style=\"font-size: 16px; letter-spacing: 2px; margin-bottom: 10px;\">CONTACT<\/h5><p><img decoding=\"async\" class=\"alignnone size-full wp-image-104\" style=\"margin-bottom: 10px;\" src=\"http:\/\/kamiennyogrod.com.pl\/wp-content\/uploads\/2018\/03\/line.png\" alt=\"\" width=\"22\" height=\"2\" \/>kontakt@kamiennyogrod.com.pl<br \/>+48 607 995 506<br \/>+48 788 776 932<\/p><h5 style=\"font-size: 16px; letter-spacing: 2px; margin-bottom: 10px;\">FIND US<\/h5><p><img decoding=\"async\" class=\"alignnone size-full wp-image-104\" style=\"margin-bottom: 10px;\" src=\"http:\/\/kamiennyogrod.com.pl\/wp-content\/uploads\/2018\/03\/line.png\" alt=\"\" width=\"22\" height=\"2\" \/><\/p>\t\t\t\t\t<\/div>\n\t\t\t\t\t\t<\/div>\n\t\t\t\t<\/div>\n\t\t\t\t<div class=\"elementor-element elementor-element-f17379a elementor-shape-circle e-grid-align-left elementor-grid-0 elementor-widget elementor-widget-social-icons\" data-id=\"f17379a\" data-element_type=\"widget\" data-widget_type=\"social-icons.default\">\n\t\t\t\t<div class=\"elementor-widget-container\">\n\t\t\t\t\t<div class=\"elementor-social-icons-wrapper elementor-grid\">\n\t\t\t\t\t\t\t<span class=\"elementor-grid-item\">\n\t\t\t\t\t<a class=\"elementor-icon elementor-social-icon elementor-social-icon-facebook elementor-repeater-item-5800ab5\" href=\"https:\/\/www.facebook.com\/profile.php?id=100041376167689\" target=\"_blank\">\n\t\t\t\t\t\t<span class=\"elementor-screen-only\">Facebook<\/span>\n\t\t\t\t\t\t<i class=\"fab fa-facebook\"><\/i>\t\t\t\t\t<\/a>\n\t\t\t\t<\/span>\n\t\t\t\t\t\t\t<span class=\"elementor-grid-item\">\n\t\t\t\t\t<a class=\"elementor-icon elementor-social-icon elementor-social-icon-instagram elementor-repeater-item-bd3a471\" href=\"https:\/\/www.instagram.com\/kamiennyogrodholidaypark\/\" target=\"_blank\">\n\t\t\t\t\t\t<span class=\"elementor-screen-only\">Instagram<\/span>\n\t\t\t\t\t\t<i class=\"fab fa-instagram\"><\/i>\t\t\t\t\t<\/a>\n\t\t\t\t<\/span>\n\t\t\t\t\t\t\t<span class=\"elementor-grid-item\">\n\t\t\t\t\t<a class=\"elementor-icon elementor-social-icon elementor-social-icon-tripadvisor elementor-repeater-item-d604416\" href=\"https:\/\/www.tripadvisor.com\/Hotel_Review-g315899-d17528557-Reviews-Kamienny_Ogrod_Holiday_Park-Mikolajki_Warmia_Masuria_Province_Northern_Poland.html\" target=\"_blank\">\n\t\t\t\t\t\t<span class=\"elementor-screen-only\">Tripadvisor<\/span>\n\t\t\t\t\t\t<i class=\"fab fa-tripadvisor\"><\/i>\t\t\t\t\t<\/a>\n\t\t\t\t<\/span>\n\t\t\t\t\t\t\t<span class=\"elementor-grid-item\">\n\t\t\t\t\t<a class=\"elementor-icon elementor-social-icon elementor-social-icon-tiktok elementor-repeater-item-292add2\" href=\"https:\/\/www.tiktok.com\/@kamiennyogrod.com.pl?_t=8cmax32Qdqt&#038;_r=1\" target=\"_blank\">\n\t\t\t\t\t\t<span class=\"elementor-screen-only\">Tiktok<\/span>\n\t\t\t\t\t\t<i class=\"fab fa-tiktok\"><\/i>\t\t\t\t\t<\/a>\n\t\t\t\t<\/span>\n\t\t\t\t\t<\/div>\n\t\t\t\t<\/div>\n\t\t\t\t<\/div>\n\t\t\t\t<div class=\"elementor-element elementor-element-9d6eb17 elementor-widget elementor-widget-spacer\" data-id=\"9d6eb17\" data-element_type=\"widget\" data-widget_type=\"spacer.default\">\n\t\t\t\t<div class=\"elementor-widget-container\">\n\t\t\t\t\t<div class=\"elementor-spacer\">\n\t\t\t<div class=\"elementor-spacer-inner\"><\/div>\n\t\t<\/div>\n\t\t\t\t<\/div>\n\t\t\t\t<\/div>\n\t\t\t\t\t\t<\/div>\n\t\t\t\t\t<\/div>\n\t\t<\/div>\n\t\t\t\t\t\t\t\t<\/div>\n\t\t\t\t\t<\/div>\n\t\t<\/section>\n\t\t\t\t<section class=\"elementor-section elementor-top-section elementor-element elementor-element-c8f80c0 elementor-section-full_width elementor-section-height-default elementor-section-height-default\" data-id=\"c8f80c0\" data-element_type=\"section\">\n\t\t\t\t\t\t<div class=\"elementor-container elementor-column-gap-default\">\n\t\t\t\t\t\t\t<div class=\"elementor-row\">\n\t\t\t\t\t<div class=\"elementor-column elementor-col-100 elementor-top-column elementor-element elementor-element-ca79677\" data-id=\"ca79677\" data-element_type=\"column\">\n\t\t\t<div class=\"elementor-column-wrap elementor-element-populated\">\n\t\t\t\t\t\t\t<div class=\"elementor-widget-wrap\">\n\t\t\t\t\t\t<div class=\"elementor-element elementor-element-5be82b4 elementor-widget elementor-widget-html\" data-id=\"5be82b4\" data-element_type=\"widget\" data-widget_type=\"html.default\">\n\t\t\t\t<div class=\"elementor-widget-container\">\n\t\t\t<iframe src=\"https:\/\/www.google.com\/maps\/embed?pb=!1m18!1m12!1m3!1d126732.32988294541!2d21.44864611325544!3d53.82758073979291!2m3!1f0!2f0!3f0!3m2!1i1024!2i768!4f13.1!3m3!1m2!1s0x46e21e2ee5dd1d83%3A0x6197f9f621eaacc5!2sKamienny+Ogr%C3%B3d+Holiday+Park!5e0!3m2!1spl!2spl!4v1522327503054\" width=\"100%\" height=\"290\" frameborder=\"0\" style=\"border:0\" allowfullscreen><\/iframe>\t\t<\/div>\n\t\t\t\t<\/div>\n\t\t\t\t\t\t<\/div>\n\t\t\t\t\t<\/div>\n\t\t<\/div>\n\t\t\t\t\t\t\t\t<\/div>\n\t\t\t\t\t<\/div>\n\t\t<\/section>\n\t\t\t\t\t\t\t\t\t<\/div>\n\t\t\t<\/div>\n\t\t\t\t\t<\/div>\n\t\t","protected":false},"excerpt":{"rendered":"<p>ADDRESS Kamienny Ogrod Holiday Park Sp. z o.o. Stare Sady 4b, 11-730 Mikolajki POLAND CONTACT kontakt@kamiennyogrod.com.pl +48 607 995 506 +48 788 776 932 FIND US Facebook Instagram Tripadvisor Tiktok<\/p>\n","protected":false},"author":2,"featured_media":0,"parent":0,"menu_order":0,"comment_status":"closed","ping_status":"closed","template":"","meta":[],"yoast_head":"<!-- This site is optimized with the Yoast SEO plugin v20.8 - https:\/\/yoast.com\/wordpress\/plugins\/seo\/ -->\n<title>Contact - Cottages in Masuria by the lake | Kamienny Ogr\u00f3d<\/title>\n<meta name=\"description\" content=\"Contact us - Comfortable houses \/ cottages \/ villas in Masuria by the lake near Miko\u0142ajki. Near the beach, marina, restaurant, water equipment, bicycles. Book now!\" \/>\n<meta name=\"robots\" content=\"index, follow, max-snippet:-1, max-image-preview:large, max-video-preview:-1\" \/>\n<link rel=\"canonical\" href=\"https:\/\/kamiennyogrod.com.pl\/en\/contact-2\/\" \/>\n<meta property=\"og:locale\" content=\"en_US\" \/>\n<meta property=\"og:type\" content=\"article\" \/>\n<meta property=\"og:title\" content=\"Contact - Cottages in Masuria by the lake | Kamienny Ogr\u00f3d\" \/>\n<meta property=\"og:description\" content=\"Contact us - Comfortable houses \/ cottages \/ villas in Masuria by the lake near Miko\u0142ajki. Near the beach, marina, restaurant, water equipment, bicycles. Book now!\" \/>\n<meta property=\"og:url\" content=\"https:\/\/kamiennyogrod.com.pl\/en\/contact-2\/\" \/>\n<meta property=\"og:site_name\" content=\"Kamienny Ogr\u00f3d Domki na Mazurach\" \/>\n<meta property=\"article:publisher\" content=\"https:\/\/www.facebook.com\/profile.php?id=100041376167689\" \/>\n<meta property=\"article:modified_time\" content=\"2023-07-04T08:43:09+00:00\" \/>\n<meta property=\"og:image\" content=\"http:\/\/kamiennyogrod.com.pl\/wp-content\/uploads\/2018\/03\/line.png\" \/>\n<meta name=\"twitter:card\" content=\"summary_large_image\" \/>\n<meta name=\"twitter:label1\" content=\"Est. reading time\" \/>\n\t<meta name=\"twitter:data1\" content=\"1 minute\" \/>\n<script type=\"application\/ld+json\" class=\"yoast-schema-graph\">{\"@context\":\"https:\/\/schema.org\",\"@graph\":[{\"@type\":\"WebPage\",\"@id\":\"https:\/\/kamiennyogrod.com.pl\/en\/contact-2\/\",\"url\":\"https:\/\/kamiennyogrod.com.pl\/en\/contact-2\/\",\"name\":\"Contact - Cottages in Masuria by the lake | Kamienny Ogr\u00f3d\",\"isPartOf\":{\"@id\":\"https:\/\/kamiennyogrod.com.pl\/en\/#website\"},\"datePublished\":\"2018-03-30T06:59:14+00:00\",\"dateModified\":\"2023-07-04T08:43:09+00:00\",\"description\":\"Contact us - Comfortable houses \/ cottages \/ villas in Masuria by the lake near Miko\u0142ajki. Near the beach, marina, restaurant, water equipment, bicycles. Book now!\",\"breadcrumb\":{\"@id\":\"https:\/\/kamiennyogrod.com.pl\/en\/contact-2\/#breadcrumb\"},\"inLanguage\":\"en-US\",\"potentialAction\":[{\"@type\":\"ReadAction\",\"target\":[\"https:\/\/kamiennyogrod.com.pl\/en\/contact-2\/\"]}]},{\"@type\":\"BreadcrumbList\",\"@id\":\"https:\/\/kamiennyogrod.com.pl\/en\/contact-2\/#breadcrumb\",\"itemListElement\":[{\"@type\":\"ListItem\",\"position\":1,\"name\":\"Strona g\u0142\u00f3wna\",\"item\":\"https:\/\/kamiennyogrod.com.pl\/en\/\"},{\"@type\":\"ListItem\",\"position\":2,\"name\":\"Contact\"}]},{\"@type\":\"WebSite\",\"@id\":\"https:\/\/kamiennyogrod.com.pl\/en\/#website\",\"url\":\"https:\/\/kamiennyogrod.com.pl\/en\/\",\"name\":\"Kamienny Ogr\u00f3d Domki na Mazurach\",\"description\":\"Domki na Mazurach nad jeziorem w okolicy Miko\u0142ajek. Komfort, 2 sypialnie. Blisko pla\u017ca, przysta\u0144, restauracja, sprz\u0119t wodny, rowery\",\"publisher\":{\"@id\":\"https:\/\/kamiennyogrod.com.pl\/en\/#organization\"},\"alternateName\":\"Domki na Mazurach\",\"potentialAction\":[{\"@type\":\"SearchAction\",\"target\":{\"@type\":\"EntryPoint\",\"urlTemplate\":\"https:\/\/kamiennyogrod.com.pl\/en\/?s={search_term_string}\"},\"query-input\":\"required name=search_term_string\"}],\"inLanguage\":\"en-US\"},{\"@type\":\"Organization\",\"@id\":\"https:\/\/kamiennyogrod.com.pl\/en\/#organization\",\"name\":\"Kamienny Ogr\u00f3d Holiday Park Sp. z o.o.\",\"alternateName\":\"Kamienny Ogr\u00f3d Domki na Mazurach\",\"url\":\"https:\/\/kamiennyogrod.com.pl\/en\/\",\"logo\":{\"@type\":\"ImageObject\",\"inLanguage\":\"en-US\",\"@id\":\"https:\/\/kamiennyogrod.com.pl\/en\/#\/schema\/logo\/image\/\",\"url\":\"https:\/\/kamiennyogrod.com.pl\/wp-content\/uploads\/2018\/03\/foot.png\",\"contentUrl\":\"https:\/\/kamiennyogrod.com.pl\/wp-content\/uploads\/2018\/03\/foot.png\",\"width\":193,\"height\":180,\"caption\":\"Kamienny Ogr\u00f3d Holiday Park Sp. z o.o.\"},\"image\":{\"@id\":\"https:\/\/kamiennyogrod.com.pl\/en\/#\/schema\/logo\/image\/\"},\"sameAs\":[\"https:\/\/www.facebook.com\/profile.php?id=100041376167689\",\"https:\/\/www.instagram.com\/kamiennyogrodholidaypark\/\",\"https:\/\/www.tiktok.com\/@kamiennyogrod.com.pl\"]}]}<\/script>\n<!-- \/ Yoast SEO plugin. -->","yoast_head_json":{"title":"Contact - Cottages in Masuria by the lake | Kamienny Ogr\u00f3d","description":"Contact us - Comfortable houses \/ cottages \/ villas in Masuria by the lake near Miko\u0142ajki. Near the beach, marina, restaurant, water equipment, bicycles. Book now!","robots":{"index":"index","follow":"follow","max-snippet":"max-snippet:-1","max-image-preview":"max-image-preview:large","max-video-preview":"max-video-preview:-1"},"canonical":"https:\/\/kamiennyogrod.com.pl\/en\/contact-2\/","og_locale":"en_US","og_type":"article","og_title":"Contact - Cottages in Masuria by the lake | Kamienny Ogr\u00f3d","og_description":"Contact us - Comfortable houses \/ cottages \/ villas in Masuria by the lake near Miko\u0142ajki. Near the beach, marina, restaurant, water equipment, bicycles. Book now!","og_url":"https:\/\/kamiennyogrod.com.pl\/en\/contact-2\/","og_site_name":"Kamienny Ogr\u00f3d Domki na Mazurach","article_publisher":"https:\/\/www.facebook.com\/profile.php?id=100041376167689","article_modified_time":"2023-07-04T08:43:09+00:00","og_image":[{"url":"http:\/\/kamiennyogrod.com.pl\/wp-content\/uploads\/2018\/03\/line.png"}],"twitter_card":"summary_large_image","twitter_misc":{"Est. reading time":"1 minute"},"schema":{"@context":"https:\/\/schema.org","@graph":[{"@type":"WebPage","@id":"https:\/\/kamiennyogrod.com.pl\/en\/contact-2\/","url":"https:\/\/kamiennyogrod.com.pl\/en\/contact-2\/","name":"Contact - Cottages in Masuria by the lake | Kamienny Ogr\u00f3d","isPartOf":{"@id":"https:\/\/kamiennyogrod.com.pl\/en\/#website"},"datePublished":"2018-03-30T06:59:14+00:00","dateModified":"2023-07-04T08:43:09+00:00","description":"Contact us - Comfortable houses \/ cottages \/ villas in Masuria by the lake near Miko\u0142ajki. Near the beach, marina, restaurant, water equipment, bicycles. Book now!","breadcrumb":{"@id":"https:\/\/kamiennyogrod.com.pl\/en\/contact-2\/#breadcrumb"},"inLanguage":"en-US","potentialAction":[{"@type":"ReadAction","target":["https:\/\/kamiennyogrod.com.pl\/en\/contact-2\/"]}]},{"@type":"BreadcrumbList","@id":"https:\/\/kamiennyogrod.com.pl\/en\/contact-2\/#breadcrumb","itemListElement":[{"@type":"ListItem","position":1,"name":"Strona g\u0142\u00f3wna","item":"https:\/\/kamiennyogrod.com.pl\/en\/"},{"@type":"ListItem","position":2,"name":"Contact"}]},{"@type":"WebSite","@id":"https:\/\/kamiennyogrod.com.pl\/en\/#website","url":"https:\/\/kamiennyogrod.com.pl\/en\/","name":"Kamienny Ogr\u00f3d Domki na Mazurach","description":"Domki na Mazurach nad jeziorem w okolicy Miko\u0142ajek. Komfort, 2 sypialnie. Blisko pla\u017ca, przysta\u0144, restauracja, sprz\u0119t wodny, rowery","publisher":{"@id":"https:\/\/kamiennyogrod.com.pl\/en\/#organization"},"alternateName":"Domki na Mazurach","potentialAction":[{"@type":"SearchAction","target":{"@type":"EntryPoint","urlTemplate":"https:\/\/kamiennyogrod.com.pl\/en\/?s={search_term_string}"},"query-input":"required name=search_term_string"}],"inLanguage":"en-US"},{"@type":"Organization","@id":"https:\/\/kamiennyogrod.com.pl\/en\/#organization","name":"Kamienny Ogr\u00f3d Holiday Park Sp. z o.o.","alternateName":"Kamienny Ogr\u00f3d Domki na Mazurach","url":"https:\/\/kamiennyogrod.com.pl\/en\/","logo":{"@type":"ImageObject","inLanguage":"en-US","@id":"https:\/\/kamiennyogrod.com.pl\/en\/#\/schema\/logo\/image\/","url":"https:\/\/kamiennyogrod.com.pl\/wp-content\/uploads\/2018\/03\/foot.png","contentUrl":"https:\/\/kamiennyogrod.com.pl\/wp-content\/uploads\/2018\/03\/foot.png","width":193,"height":180,"caption":"Kamienny Ogr\u00f3d Holiday Park Sp. z o.o."},"image":{"@id":"https:\/\/kamiennyogrod.com.pl\/en\/#\/schema\/logo\/image\/"},"sameAs":["https:\/\/www.facebook.com\/profile.php?id=100041376167689","https:\/\/www.instagram.com\/kamiennyogrodholidaypark\/","https:\/\/www.tiktok.com\/@kamiennyogrod.com.pl"]}]}},"_links":{"self":[{"href":"https:\/\/kamiennyogrod.com.pl\/en\/wp-json\/wp\/v2\/pages\/366"}],"collection":[{"href":"https:\/\/kamiennyogrod.com.pl\/en\/wp-json\/wp\/v2\/pages"}],"about":[{"href":"https:\/\/kamiennyogrod.com.pl\/en\/wp-json\/wp\/v2\/types\/page"}],"author":[{"embeddable":true,"href":"https:\/\/kamiennyogrod.com.pl\/en\/wp-json\/wp\/v2\/users\/2"}],"replies":[{"embeddable":true,"href":"https:\/\/kamiennyogrod.com.pl\/en\/wp-json\/wp\/v2\/comments?post=366"}],"version-history":[{"count":26,"href":"https:\/\/kamiennyogrod.com.pl\/en\/wp-json\/wp\/v2\/pages\/366\/revisions"}],"predecessor-version":[{"id":4979,"href":"https:\/\/kamiennyogrod.com.pl\/en\/wp-json\/wp\/v2\/pages\/366\/revisions\/4979"}],"wp:attachment":[{"href":"https:\/\/kamiennyogrod.com.pl\/en\/wp-json\/wp\/v2\/media?parent=366"}],"curies":[{"name":"wp","href":"https:\/\/api.w.org\/{rel}","templated":true}]}}